{"id":2293,"date":"2021-03-21T09:23:38","date_gmt":"2021-03-21T09:23:38","guid":{"rendered":"https:\/\/rccvirtual.com\/challenges\/"},"modified":"2021-03-21T09:24:47","modified_gmt":"2021-03-21T09:24:47","slug":"challenges","status":"publish","type":"page","link":"https:\/\/rccvirtual.com\/en\/challenges\/","title":{"rendered":"CHALLENGES"},"content":{"rendered":"\t\t<div data-elementor-type=\"wp-page\" data-elementor-id=\"2293\" class=\"elementor elementor-2293 elementor-518\">\n\t\t\t\t\t\t<section class=\"elementor-section elementor-top-section elementor-element elementor-element-83fdedd elementor-section-stretched elementor-section-boxed elementor-section-height-default elementor-section-height-default\" data-id=\"83fdedd\" data-element_type=\"section\" data-settings=\"{&quot;stretch_section&quot;:&quot;section-stretched&quot;}\">\n\t\t\t\t\t\t<div class=\"elementor-container elementor-column-gap-default\">\n\t\t\t\t\t<div class=\"elementor-column elementor-col-50 elementor-top-column elementor-element elementor-element-6ee3f1e9\" data-id=\"6ee3f1e9\" data-element_type=\"column\">\n\t\t\t<div class=\"elementor-widget-wrap elementor-element-populated\">\n\t\t\t\t\t\t<div class=\"elementor-element elementor-element-66342e80 elementor-widget elementor-widget-heading\" data-id=\"66342e80\" data-element_type=\"widget\" data-widget_type=\"heading.default\">\n\t\t\t\t<div class=\"elementor-widget-container\">\n\t\t\t<h2 class=\"elementor-heading-title elementor-size-default\">CHALLENGES<\/h2>\t\t<\/div>\n\t\t\t\t<\/div>\n\t\t\t\t\t<\/div>\n\t\t<\/div>\n\t\t\t\t<div class=\"elementor-column elementor-col-50 elementor-top-column elementor-element elementor-element-416d6731\" data-id=\"416d6731\" data-element_type=\"column\">\n\t\t\t<div class=\"elementor-widget-wrap\">\n\t\t\t\t\t\t\t<\/div>\n\t\t<\/div>\n\t\t\t\t\t<\/div>\n\t\t<\/section>\n\t\t\t\t<section class=\"elementor-section elementor-top-section elementor-element elementor-element-7ce47e96 elementor-section-stretched elementor-section-boxed elementor-section-height-default elementor-section-height-default\" data-id=\"7ce47e96\" data-element_type=\"section\" data-settings=\"{&quot;stretch_section&quot;:&quot;section-stretched&quot;}\">\n\t\t\t\t\t\t<div class=\"elementor-container elementor-column-gap-default\">\n\t\t\t\t\t<div class=\"elementor-column elementor-col-100 elementor-top-column elementor-element elementor-element-3bf41e80\" data-id=\"3bf41e80\" data-element_type=\"column\">\n\t\t\t<div class=\"elementor-widget-wrap elementor-element-populated\">\n\t\t\t\t\t\t<div class=\"elementor-element elementor-element-d894fc0 elementor-widget elementor-widget-wp-widget-featured-custom-post-type\" data-id=\"d894fc0\" data-element_type=\"widget\" data-widget_type=\"wp-widget-featured-custom-post-type.default\">\n\t\t\t\t<div class=\"elementor-widget-container\">\n\t\t\t<article class=\"post-2164 rcc_videos type-rcc_videos status-publish category-challenges-en entry\" aria-label=\"CHALLENGE INTRO\"><header class=\"entry-header\"><h2 class=\"entry-title\"><a href=\"https:\/\/rccvirtual.com\/en\/video\/challenge-intro\/\" title=\"CHALLENGE INTRO\">CHALLENGE INTRO<\/a><\/h2><\/header><div class=\"entry-content\"><p>Welcome to Challenge. In this block we want to test you, challenge you to constantly level up and put yourself to the limit so that you don&#8217;t stop advancing. The objective of this block is to motivate you and get excited about all the content and exercises that you are working on.<\/p>\n<div class=\"edd_cr_message \"><p><a href=\"https:\/\/rccvirtual.com\/suscripciones\/\"><img fetchpriority=\"high\" fetchpriority=\"high\" decoding=\"async\" class=\"aligncenter wp-image-1077\" src=\"https:\/\/rccvirtual.com\/wp-content\/uploads\/2020\/07\/suscripcion-cursos-rccvirtual-300x169.png\" alt=\"\" width=\"486\" height=\"274\" srcset=\"https:\/\/rccvirtual.com\/wp-content\/uploads\/2020\/07\/suscripcion-cursos-rccvirtual-300x169.png 300w, https:\/\/rccvirtual.com\/wp-content\/uploads\/2020\/07\/suscripcion-cursos-rccvirtual-1024x576.png 1024w, https:\/\/rccvirtual.com\/wp-content\/uploads\/2020\/07\/suscripcion-cursos-rccvirtual-768x432.png 768w, https:\/\/rccvirtual.com\/wp-content\/uploads\/2020\/07\/suscripcion-cursos-rccvirtual-1536x864.png 1536w, https:\/\/rccvirtual.com\/wp-content\/uploads\/2020\/07\/suscripcion-cursos-rccvirtual.png 1920w\" sizes=\"(max-width: 486px) 100vw, 486px\" \/><\/a><\/p>\n<\/div>\n<\/div><\/article><article class=\"post-3329 rcc_videos type-rcc_videos status-publish category-challenges entry\" aria-label=\"TRAINING CAMP ENERO 2022, PRIMERA PARTE\"><header class=\"entry-header\"><h2 class=\"entry-title\"><a href=\"https:\/\/rccvirtual.com\/en\/video\/training-camp-enero-2022-primera-parte\/\" title=\"TRAINING CAMP ENERO 2022, PRIMERA PARTE\">TRAINING CAMP ENERO 2022, PRIMERA PARTE<\/a><\/h2><\/header><div class=\"entry-content\"><p>Este Training Camp tiene una duraci\u00f3n completa de 5 horas. Aqu\u00ed est\u00e1 la primera parte. El tema del Training es la capacidad de EXPRESAR y de transmitir. Y para ello necesitamos desprendernos de lo personal para llenarnos de aqu\u00ed y ahora, desde el cuerpo y la tarea a representar.<\/p>\n<div class=\"edd_cr_message \"><p><a href=\"https:\/\/rccvirtual.com\/suscripciones\/\"><img fetchpriority=\"high\" fetchpriority=\"high\" decoding=\"async\" class=\"aligncenter wp-image-1077\" src=\"https:\/\/rccvirtual.com\/wp-content\/uploads\/2020\/07\/suscripcion-cursos-rccvirtual-300x169.png\" alt=\"\" width=\"486\" height=\"274\" srcset=\"https:\/\/rccvirtual.com\/wp-content\/uploads\/2020\/07\/suscripcion-cursos-rccvirtual-300x169.png 300w, https:\/\/rccvirtual.com\/wp-content\/uploads\/2020\/07\/suscripcion-cursos-rccvirtual-1024x576.png 1024w, https:\/\/rccvirtual.com\/wp-content\/uploads\/2020\/07\/suscripcion-cursos-rccvirtual-768x432.png 768w, https:\/\/rccvirtual.com\/wp-content\/uploads\/2020\/07\/suscripcion-cursos-rccvirtual-1536x864.png 1536w, https:\/\/rccvirtual.com\/wp-content\/uploads\/2020\/07\/suscripcion-cursos-rccvirtual.png 1920w\" sizes=\"(max-width: 486px) 100vw, 486px\" \/><\/a><\/p>\n<\/div>\n<\/div><\/article><article class=\"post-3348 rcc_videos type-rcc_videos status-publish category-challenges entry\" aria-label=\"TRAINING CAMP ENERO 2022 SEGUNDA PARTE\"><header class=\"entry-header\"><h2 class=\"entry-title\"><a href=\"https:\/\/rccvirtual.com\/en\/video\/training-camp-enero-2022-segunda-parte\/\" title=\"TRAINING CAMP ENERO 2022 SEGUNDA PARTE\">TRAINING CAMP ENERO 2022 SEGUNDA PARTE<\/a><\/h2><\/header><div class=\"entry-content\"><p>Aprende a controlar y cambiar las energ\u00edas de tu cuerpo para que todo lo que hagas est\u00e9 lleno de vida y de intensidad<\/p>\n<div class=\"edd_cr_message \"><p><a href=\"https:\/\/rccvirtual.com\/suscripciones\/\"><img fetchpriority=\"high\" fetchpriority=\"high\" decoding=\"async\" class=\"aligncenter wp-image-1077\" src=\"https:\/\/rccvirtual.com\/wp-content\/uploads\/2020\/07\/suscripcion-cursos-rccvirtual-300x169.png\" alt=\"\" width=\"486\" height=\"274\" srcset=\"https:\/\/rccvirtual.com\/wp-content\/uploads\/2020\/07\/suscripcion-cursos-rccvirtual-300x169.png 300w, https:\/\/rccvirtual.com\/wp-content\/uploads\/2020\/07\/suscripcion-cursos-rccvirtual-1024x576.png 1024w, https:\/\/rccvirtual.com\/wp-content\/uploads\/2020\/07\/suscripcion-cursos-rccvirtual-768x432.png 768w, https:\/\/rccvirtual.com\/wp-content\/uploads\/2020\/07\/suscripcion-cursos-rccvirtual-1536x864.png 1536w, https:\/\/rccvirtual.com\/wp-content\/uploads\/2020\/07\/suscripcion-cursos-rccvirtual.png 1920w\" sizes=\"(max-width: 486px) 100vw, 486px\" \/><\/a><\/p>\n<\/div>\n<\/div><\/article><article class=\"post-3349 rcc_videos type-rcc_videos status-publish category-challenges entry\" aria-label=\"TRAINING CAMP ENERO 2022 TERCERA PARTE\"><header class=\"entry-header\"><h2 class=\"entry-title\"><a href=\"https:\/\/rccvirtual.com\/en\/video\/training-camp-enero-2022-tercera-parte\/\" title=\"TRAINING CAMP ENERO 2022 TERCERA PARTE\">TRAINING CAMP ENERO 2022 TERCERA PARTE<\/a><\/h2><\/header><div class=\"entry-content\"><p>\u00daltima parte del Training. Busca la intensidad y la determinaci\u00f3n del movimiento en todo lo que hagas.<\/p>\n<div class=\"edd_cr_message \"><p><a href=\"https:\/\/rccvirtual.com\/suscripciones\/\"><img fetchpriority=\"high\" fetchpriority=\"high\" decoding=\"async\" class=\"aligncenter wp-image-1077\" src=\"https:\/\/rccvirtual.com\/wp-content\/uploads\/2020\/07\/suscripcion-cursos-rccvirtual-300x169.png\" alt=\"\" width=\"486\" height=\"274\" srcset=\"https:\/\/rccvirtual.com\/wp-content\/uploads\/2020\/07\/suscripcion-cursos-rccvirtual-300x169.png 300w, https:\/\/rccvirtual.com\/wp-content\/uploads\/2020\/07\/suscripcion-cursos-rccvirtual-1024x576.png 1024w, https:\/\/rccvirtual.com\/wp-content\/uploads\/2020\/07\/suscripcion-cursos-rccvirtual-768x432.png 768w, https:\/\/rccvirtual.com\/wp-content\/uploads\/2020\/07\/suscripcion-cursos-rccvirtual-1536x864.png 1536w, https:\/\/rccvirtual.com\/wp-content\/uploads\/2020\/07\/suscripcion-cursos-rccvirtual.png 1920w\" sizes=\"(max-width: 486px) 100vw, 486px\" \/><\/a><\/p>\n<\/div>\n<\/div><\/article>\t\t<\/div>\n\t\t\t\t<\/div>\n\t\t\t\t\t<\/div>\n\t\t<\/div>\n\t\t\t\t\t<\/div>\n\t\t<\/section>\n\t\t\t\t<\/div>\n\t\t","protected":false},"excerpt":{"rendered":"<p>CHALLENGES<\/p>\n","protected":false},"author":1,"featured_media":0,"parent":0,"menu_order":0,"comment_status":"closed","ping_status":"closed","template":"","meta":{"_genesis_hide_title":false,"_genesis_hide_breadcrumbs":false,"_genesis_hide_singular_image":false,"_genesis_hide_footer_widgets":false,"_genesis_custom_body_class":"","_genesis_custom_post_class":"","_genesis_layout":"","footnotes":""},"class_list":{"0":"post-2293","1":"page","2":"type-page","3":"status-publish","5":"entry"},"featured_image_src":null,"featured_image_src_square":null,"_links":{"self":[{"href":"https:\/\/rccvirtual.com\/en\/wp-json\/wp\/v2\/pages\/2293"}],"collection":[{"href":"https:\/\/rccvirtual.com\/en\/wp-json\/wp\/v2\/pages"}],"about":[{"href":"https:\/\/rccvirtual.com\/en\/wp-json\/wp\/v2\/types\/page"}],"author":[{"embeddable":true,"href":"https:\/\/rccvirtual.com\/en\/wp-json\/wp\/v2\/users\/1"}],"replies":[{"embeddable":true,"href":"https:\/\/rccvirtual.com\/en\/wp-json\/wp\/v2\/comments?post=2293"}],"version-history":[{"count":3,"href":"https:\/\/rccvirtual.com\/en\/wp-json\/wp\/v2\/pages\/2293\/revisions"}],"predecessor-version":[{"id":2298,"href":"https:\/\/rccvirtual.com\/en\/wp-json\/wp\/v2\/pages\/2293\/revisions\/2298"}],"wp:attachment":[{"href":"https:\/\/rccvirtual.com\/en\/wp-json\/wp\/v2\/media?parent=2293"}],"curies":[{"name":"wp","href":"https:\/\/api.w.org\/{rel}","templated":true}]}}