{"id":2299,"date":"2021-03-21T09:26:40","date_gmt":"2021-03-21T09:26:40","guid":{"rendered":"https:\/\/rccvirtual.com\/cha-cha-cha\/"},"modified":"2021-03-31T15:40:48","modified_gmt":"2021-03-31T15:40:48","slug":"cha-cha-cha","status":"publish","type":"page","link":"https:\/\/rccvirtual.com\/en\/cha-cha-cha\/","title":{"rendered":"CHA CHA CHA"},"content":{"rendered":"\t\t<div data-elementor-type=\"wp-page\" data-elementor-id=\"2299\" class=\"elementor elementor-2299 elementor-501\">\n\t\t\t\t\t\t<section class=\"elementor-section elementor-top-section elementor-element elementor-element-2b26f8e1 elementor-section-stretched elementor-section-boxed elementor-section-height-default elementor-section-height-default\" data-id=\"2b26f8e1\" data-element_type=\"section\" data-settings=\"{&quot;stretch_section&quot;:&quot;section-stretched&quot;}\">\n\t\t\t\t\t\t<div class=\"elementor-container elementor-column-gap-default\">\n\t\t\t\t\t<div class=\"elementor-column elementor-col-50 elementor-top-column elementor-element elementor-element-4fa4c1dc\" data-id=\"4fa4c1dc\" data-element_type=\"column\">\n\t\t\t<div class=\"elementor-widget-wrap elementor-element-populated\">\n\t\t\t\t\t\t<div class=\"elementor-element elementor-element-2af01c30 elementor-widget elementor-widget-heading\" data-id=\"2af01c30\" data-element_type=\"widget\" data-widget_type=\"heading.default\">\n\t\t\t\t<div class=\"elementor-widget-container\">\n\t\t\t<h2 class=\"elementor-heading-title elementor-size-default\">CHA CHA CHA<\/h2>\t\t<\/div>\n\t\t\t\t<\/div>\n\t\t\t\t\t<\/div>\n\t\t<\/div>\n\t\t\t\t<div class=\"elementor-column elementor-col-50 elementor-top-column elementor-element elementor-element-54f317ff\" data-id=\"54f317ff\" data-element_type=\"column\">\n\t\t\t<div class=\"elementor-widget-wrap\">\n\t\t\t\t\t\t\t<\/div>\n\t\t<\/div>\n\t\t\t\t\t<\/div>\n\t\t<\/section>\n\t\t\t\t<section class=\"elementor-section elementor-top-section elementor-element elementor-element-71e775fd elementor-section-stretched elementor-section-boxed elementor-section-height-default elementor-section-height-default\" data-id=\"71e775fd\" data-element_type=\"section\" data-settings=\"{&quot;stretch_section&quot;:&quot;section-stretched&quot;}\">\n\t\t\t\t\t\t<div class=\"elementor-container elementor-column-gap-default\">\n\t\t\t\t\t<div class=\"elementor-column elementor-col-50 elementor-top-column elementor-element elementor-element-2496e8ec\" data-id=\"2496e8ec\" data-element_type=\"column\">\n\t\t\t<div class=\"elementor-widget-wrap elementor-element-populated\">\n\t\t\t\t\t\t<div class=\"elementor-element elementor-element-241443a elementor-align-center elementor-widget elementor-widget-button\" data-id=\"241443a\" data-element_type=\"widget\" data-widget_type=\"button.default\">\n\t\t\t\t<div class=\"elementor-widget-container\">\n\t\t\t\t\t\t\t<div class=\"elementor-button-wrapper\">\n\t\t\t\t\t<a class=\"elementor-button elementor-button-link elementor-size-sm\" href=\"https:\/\/rccvirtual.com\/chachacha-movement-to-music\/\">\n\t\t\t\t\t\t<span class=\"elementor-button-content-wrapper\">\n\t\t\t\t\t\t\t\t\t<span class=\"elementor-button-text\">MOVEMENT TO MUSIC<\/span>\n\t\t\t\t\t<\/span>\n\t\t\t\t\t<\/a>\n\t\t\t\t<\/div>\n\t\t\t\t\t\t<\/div>\n\t\t\t\t<\/div>\n\t\t\t\t\t<\/div>\n\t\t<\/div>\n\t\t\t\t<div class=\"elementor-column elementor-col-50 elementor-top-column elementor-element elementor-element-4170e832\" data-id=\"4170e832\" data-element_type=\"column\">\n\t\t\t<div class=\"elementor-widget-wrap elementor-element-populated\">\n\t\t\t\t\t\t<div class=\"elementor-element elementor-element-3153737b elementor-align-center elementor-widget elementor-widget-button\" data-id=\"3153737b\" data-element_type=\"widget\" data-widget_type=\"button.default\">\n\t\t\t\t<div class=\"elementor-widget-container\">\n\t\t\t\t\t\t\t<div class=\"elementor-button-wrapper\">\n\t\t\t\t\t<a class=\"elementor-button elementor-button-link elementor-size-sm\" href=\"https:\/\/rccvirtual.com\/chachacha-technical-qualities\/\">\n\t\t\t\t\t\t<span class=\"elementor-button-content-wrapper\">\n\t\t\t\t\t\t\t\t\t<span class=\"elementor-button-text\">TECHNICAL QUALITIES<\/span>\n\t\t\t\t\t<\/span>\n\t\t\t\t\t<\/a>\n\t\t\t\t<\/div>\n\t\t\t\t\t\t<\/div>\n\t\t\t\t<\/div>\n\t\t\t\t\t<\/div>\n\t\t<\/div>\n\t\t\t\t\t<\/div>\n\t\t<\/section>\n\t\t\t\t<section class=\"elementor-section elementor-top-section elementor-element elementor-element-50cfb2d3 elementor-section-stretched elementor-section-boxed elementor-section-height-default elementor-section-height-default\" data-id=\"50cfb2d3\" data-element_type=\"section\" data-settings=\"{&quot;stretch_section&quot;:&quot;section-stretched&quot;}\">\n\t\t\t\t\t\t<div class=\"elementor-container elementor-column-gap-default\">\n\t\t\t\t\t<div class=\"elementor-column elementor-col-100 elementor-top-column elementor-element elementor-element-5482a7f6\" data-id=\"5482a7f6\" data-element_type=\"column\">\n\t\t\t<div class=\"elementor-widget-wrap elementor-element-populated\">\n\t\t\t\t\t\t<div class=\"elementor-element elementor-element-371f062c elementor-widget elementor-widget-text-editor\" data-id=\"371f062c\" data-element_type=\"widget\" data-widget_type=\"text-editor.default\">\n\t\t\t\t<div class=\"elementor-widget-container\">\n\t\t\t\t\t\t\t<p><div class=\"edd_cr_message \"><p><a href=\"https:\/\/rccvirtual.com\/suscripciones\/\"><img fetchpriority=\"high\" decoding=\"async\" class=\"aligncenter wp-image-1077\" src=\"https:\/\/rccvirtual.com\/wp-content\/uploads\/2020\/07\/suscripcion-cursos-rccvirtual-300x169.png\" alt=\"\" width=\"486\" height=\"274\" srcset=\"https:\/\/rccvirtual.com\/wp-content\/uploads\/2020\/07\/suscripcion-cursos-rccvirtual-300x169.png 300w, https:\/\/rccvirtual.com\/wp-content\/uploads\/2020\/07\/suscripcion-cursos-rccvirtual-1024x576.png 1024w, https:\/\/rccvirtual.com\/wp-content\/uploads\/2020\/07\/suscripcion-cursos-rccvirtual-768x432.png 768w, https:\/\/rccvirtual.com\/wp-content\/uploads\/2020\/07\/suscripcion-cursos-rccvirtual-1536x864.png 1536w, https:\/\/rccvirtual.com\/wp-content\/uploads\/2020\/07\/suscripcion-cursos-rccvirtual.png 1920w\" sizes=\"(max-width: 486px) 100vw, 486px\" \/><\/a><\/p>\n<\/div><\/p>\n\t\t\t\t\t\t<\/div>\n\t\t\t\t<\/div>\n\t\t\t\t\t<\/div>\n\t\t<\/div>\n\t\t\t\t\t<\/div>\n\t\t<\/section>\n\t\t\t\t<section class=\"elementor-section elementor-top-section elementor-element elementor-element-7dded0bd elementor-section-stretched elementor-section-boxed elementor-section-height-default elementor-section-height-default\" data-id=\"7dded0bd\" data-element_type=\"section\" data-settings=\"{&quot;stretch_section&quot;:&quot;section-stretched&quot;}\">\n\t\t\t\t\t\t<div class=\"elementor-container elementor-column-gap-default\">\n\t\t\t\t\t<div class=\"elementor-column elementor-col-100 elementor-top-column elementor-element elementor-element-1b533349\" data-id=\"1b533349\" data-element_type=\"column\">\n\t\t\t<div class=\"elementor-widget-wrap elementor-element-populated\">\n\t\t\t\t\t\t<div class=\"elementor-element elementor-element-55dd7896 elementor-widget elementor-widget-text-editor\" data-id=\"55dd7896\" data-element_type=\"widget\" data-widget_type=\"text-editor.default\">\n\t\t\t\t<div class=\"elementor-widget-container\">\n\t\t\t\t\t\t\t<p>The cha-cha was born in Cuba in the old music and dance clubs. The name Chachach\u00e1 is an onomatopoeia that refers to the noise that the feet make when dancing this musical genre. Also referring to the g\u00fciro because he seems to be saying: cha-cha-ch\u00e1.<\/p>\n<p>Thus, it began to have fame and relevance for being an irresistible rhythm until it became part of the ballroom dancing, acquiring a more elegant and distinguished tone.<\/p>\n<p>It has a sensual and happy air, like all the dances from its area, and its main characteristic is the movement of the hips and the speed of flexion and extension at the knees.<\/p>\n\t\t\t\t\t\t<\/div>\n\t\t\t\t<\/div>\n\t\t\t\t\t<\/div>\n\t\t<\/div>\n\t\t\t\t\t<\/div>\n\t\t<\/section>\n\t\t\t\t<\/div>\n\t\t","protected":false},"excerpt":{"rendered":"<p>CHA CHA CHA MOVEMENT TO MUSIC TECHNICAL QUALITIES The cha-cha was born in Cuba in the old music and dance clubs. The name Chachach\u00e1 is an onomatopoeia that refers to the noise that the feet make when dancing this musical genre. Also referring to the g\u00fciro because he seems to be saying: cha-cha-ch\u00e1. Thus, it [&hellip;]<\/p>\n","protected":false},"author":1,"featured_media":0,"parent":0,"menu_order":0,"comment_status":"closed","ping_status":"closed","template":"","meta":{"_genesis_hide_title":false,"_genesis_hide_breadcrumbs":false,"_genesis_hide_singular_image":false,"_genesis_hide_footer_widgets":false,"_genesis_custom_body_class":"","_genesis_custom_post_class":"","_genesis_layout":"","footnotes":""},"class_list":{"0":"post-2299","1":"page","2":"type-page","3":"status-publish","5":"entry"},"featured_image_src":null,"featured_image_src_square":null,"_links":{"self":[{"href":"https:\/\/rccvirtual.com\/en\/wp-json\/wp\/v2\/pages\/2299"}],"collection":[{"href":"https:\/\/rccvirtual.com\/en\/wp-json\/wp\/v2\/pages"}],"about":[{"href":"https:\/\/rccvirtual.com\/en\/wp-json\/wp\/v2\/types\/page"}],"author":[{"embeddable":true,"href":"https:\/\/rccvirtual.com\/en\/wp-json\/wp\/v2\/users\/1"}],"replies":[{"embeddable":true,"href":"https:\/\/rccvirtual.com\/en\/wp-json\/wp\/v2\/comments?post=2299"}],"version-history":[{"count":5,"href":"https:\/\/rccvirtual.com\/en\/wp-json\/wp\/v2\/pages\/2299\/revisions"}],"predecessor-version":[{"id":2479,"href":"https:\/\/rccvirtual.com\/en\/wp-json\/wp\/v2\/pages\/2299\/revisions\/2479"}],"wp:attachment":[{"href":"https:\/\/rccvirtual.com\/en\/wp-json\/wp\/v2\/media?parent=2299"}],"curies":[{"name":"wp","href":"https:\/\/api.w.org\/{rel}","templated":true}]}}